{"id":1007,"date":"2013-09-02T15:21:54","date_gmt":"2013-09-02T14:21:54","guid":{"rendered":"http:\/\/gglsecurity.com\/?page_id=1007"},"modified":"2022-03-23T14:30:06","modified_gmt":"2022-03-23T14:30:06","slug":"business-security","status":"publish","type":"page","link":"https:\/\/gglsecurity.com\/pl\/solutions\/international\/business-security","title":{"rendered":"Bezpiecze\u0144stwa \u0141a\u0144cucha Dostaw"},"content":{"rendered":"<p class=\"qtranxs-available-languages-message qtranxs-available-languages-message-pl\">Przepraszamy, ten wpis jest dost\u0119pny tylko w j\u0119zyku <a href=\"https:\/\/gglsecurity.com\/en\/wp-json\/wp\/v2\/pages\/1007\" class=\"qtranxs-available-language-link qtranxs-available-language-link-en\" title=\"English\">Ameryka\u0144ski Angielski<\/a>.<\/p>","protected":false},"excerpt":{"rendered":"<p>Przepraszamy, ten wpis jest dost\u0119pny tylko w j\u0119zyku Ameryka\u0144ski Angielski.<\/p>\n","protected":false},"author":6,"featured_media":0,"parent":1003,"menu_order":1,"comment_status":"open","ping_status":"closed","template":"page_solutions_child.php","meta":[],"acf":[],"aioseo_notices":[],"_links":{"self":[{"href":"https:\/\/gglsecurity.com\/pl\/wp-json\/wp\/v2\/pages\/1007"}],"collection":[{"href":"https:\/\/gglsecurity.com\/pl\/wp-json\/wp\/v2\/pages"}],"about":[{"href":"https:\/\/gglsecurity.com\/pl\/wp-json\/wp\/v2\/types\/page"}],"author":[{"embeddable":true,"href":"https:\/\/gglsecurity.com\/pl\/wp-json\/wp\/v2\/users\/6"}],"replies":[{"embeddable":true,"href":"https:\/\/gglsecurity.com\/pl\/wp-json\/wp\/v2\/comments?post=1007"}],"version-history":[{"count":20,"href":"https:\/\/gglsecurity.com\/pl\/wp-json\/wp\/v2\/pages\/1007\/revisions"}],"predecessor-version":[{"id":1654,"href":"https:\/\/gglsecurity.com\/pl\/wp-json\/wp\/v2\/pages\/1007\/revisions\/1654"}],"up":[{"embeddable":true,"href":"https:\/\/gglsecurity.com\/pl\/wp-json\/wp\/v2\/pages\/1003"}],"wp:attachment":[{"href":"https:\/\/gglsecurity.com\/pl\/wp-json\/wp\/v2\/media?parent=1007"}],"curies":[{"name":"wp","href":"https:\/\/api.w.org\/{rel}","templated":true}]}}